{"id":183,"date":"2025-07-09T09:54:43","date_gmt":"2025-07-09T09:54:43","guid":{"rendered":"https:\/\/destinoegito.com\/?page_id=183"},"modified":"2025-10-05T23:49:26","modified_gmt":"2025-10-05T23:49:26","slug":"cruzeiros-no-nilo","status":"publish","type":"page","link":"https:\/\/destinoegito.com\/es\/cruzeiros-no-nilo\/","title":{"rendered":"Cruzeiros no Nilo"},"content":{"rendered":"<style>.elementor-183 .elementor-element.elementor-element-4343445a > .elementor-container{min-height:50vh;text-align:center;}.elementor-183 .elementor-element.elementor-element-4343445a > .elementor-container > .elementor-column > .elementor-widget-wrap{align-content:flex-end;align-items:flex-end;}.elementor-183 .elementor-element.elementor-element-4343445a:not(.elementor-motion-effects-element-type-background), .elementor-183 .elementor-element.elementor-element-4343445a > .elementor-motion-effects-container > .elementor-motion-effects-layer{background-image:url(\"https:\/\/destinoegito.com\/wp-content\/uploads\/2025\/07\/Destino-Egito-Cruzeiros.jpg\");background-position:center center;background-repeat:no-repeat;background-size:cover;}.elementor-183 .elementor-element.elementor-element-4343445a > .elementor-background-overlay{background-color:#000000;opacity:0;transition:background 0.3s, border-radius 0.3s, opacity 0.3s;}.elementor-183 .elementor-element.elementor-element-4343445a{transition:background 0.3s, border 0.3s, border-radius 0.3s, box-shadow 0.3s;padding:0100px 0px 0100px 0px;}.elementor-183 .elementor-element.elementor-element-cc3caf2 .elementor-heading-title{font-size:49px;font-weight:bold;-webkit-text-stroke-width:0px;stroke-width:0px;-webkit-text-stroke-color:var( --e-global-color-astglobalcolor0 );stroke:var( --e-global-color-astglobalcolor0 );text-shadow:0px 0px 10px rgba(0,0,0,0.3);color:var( --e-global-color-astglobalcolor4 );}.elementor-183 .elementor-element.elementor-element-6d28348{--display:flex;}.elementor-183 .elementor-element.elementor-element-806cf9a{text-align:justify;}.elementor-183 .elementor-element.elementor-element-ed23a44{--display:flex;}.elementor-183 .elementor-element.elementor-element-92008e9{text-align:justify;}:root{--page-title-display:none;}@media(min-width:1025px){.elementor-183 .elementor-element.elementor-element-4343445a:not(.elementor-motion-effects-element-type-background), .elementor-183 .elementor-element.elementor-element-4343445a > .elementor-motion-effects-container > .elementor-motion-effects-layer{background-attachment:fixed;}}<\/style>\t\t<div data-elementor-type=\"wp-page\" data-elementor-id=\"183\" class=\"elementor elementor-183\" data-elementor-post-type=\"page\">\n\t\t\t\t\t\t<section class=\"elementor-section elementor-top-section elementor-element elementor-element-4343445a elementor-section-height-min-height elementor-section-items-stretch elementor-section-content-bottom elementor-section-full_width elementor-section-height-default\" data-id=\"4343445a\" data-element_type=\"section\" data-e-type=\"section\" data-settings=\"{&quot;background_background&quot;:&quot;classic&quot;}\">\n\t\t\t\t\t\t\t<div class=\"elementor-background-overlay\"><\/div>\n\t\t\t\t\t\t\t<div class=\"elementor-container elementor-column-gap-default\">\n\t\t\t\t\t<div class=\"elementor-column elementor-col-100 elementor-top-column elementor-element elementor-element-3f45fdc\" data-id=\"3f45fdc\" data-element_type=\"column\" data-e-type=\"column\">\n\t\t\t<div class=\"elementor-widget-wrap elementor-element-populated\">\n\t\t\t\t\t\t<div class=\"elementor-element elementor-element-cc3caf2 elementor-widget elementor-widget-heading\" data-id=\"cc3caf2\" data-element_type=\"widget\" data-e-type=\"widget\" data-widget_type=\"heading.default\">\n\t\t\t\t<div class=\"elementor-widget-container\">\n\t\t\t\t\t<h3 class=\"elementor-heading-title elementor-size-default\">\u00bfC\u00f3mo son los cruceros en Egipto?<\/h3>\t\t\t\t<\/div>\n\t\t\t\t<\/div>\n\t\t\t\t\t<\/div>\n\t\t<\/div>\n\t\t\t\t\t<\/div>\n\t\t<\/section>\n\t\t<div class=\"elementor-element elementor-element-6d28348 e-flex e-con-boxed e-con e-parent\" data-id=\"6d28348\" data-element_type=\"container\" data-e-type=\"container\">\n\t\t\t\t\t<div class=\"e-con-inner\">\n\t\t\t\t<div class=\"elementor-element elementor-element-806cf9a elementor-widget elementor-widget-text-editor\" data-id=\"806cf9a\" data-element_type=\"widget\" data-e-type=\"widget\" data-widget_type=\"text-editor.default\">\n\t\t\t\t<div class=\"elementor-widget-container\">\n\t\t\t\t\t\t\t\t\t<p>Dicen que un viaje a Egipto no estar\u00eda completo sin un crucero por el Nilo, y por eso es imprescindible en cualquier viaje a Egipto. Despertar cada d\u00eda con una vista diferente, descubrir nuevos lugares, monumentos e historias desde tu camarote, es como retroceder en el tiempo, ya que cada recodo del r\u00edo revela un nuevo cap\u00edtulo de las maravillas del mundo. Navegar durante unos d\u00edas por las tranquilas aguas del Nilo, admirando los paisajes m\u00e1s verdes de Egipto a ambas orillas y los monumentos m\u00e1s hist\u00f3ricos del pa\u00eds a lo largo de sus orillas, es una experiencia inolvidable. A continuaci\u00f3n, te contamos todo lo que necesitas saber para planificar tu crucero por el legendario r\u00edo Nilo. Hablaremos sobre la mejor \u00e9poca para un crucero por el Nilo, el itinerario, qu\u00e9 incluye y qu\u00e9 no, los precios y mucho m\u00e1s.<\/p>\t\t\t\t\t\t\t\t<\/div>\n\t\t\t\t<\/div>\n\t\t\t\t\t<\/div>\n\t\t\t\t<\/div>\n\t\t<div class=\"elementor-element elementor-element-ed23a44 e-flex e-con-boxed e-con e-parent\" data-id=\"ed23a44\" data-element_type=\"container\" data-e-type=\"container\">\n\t\t\t\t\t<div class=\"e-con-inner\">\n\t\t\t\t<div class=\"elementor-element elementor-element-92008e9 elementor-widget elementor-widget-text-editor\" data-id=\"92008e9\" data-element_type=\"widget\" data-e-type=\"widget\" data-widget_type=\"text-editor.default\">\n\t\t\t\t<div class=\"elementor-widget-container\">\n\t\t\t\t\t\t\t\t\t<p><strong>La importancia de navegar por el Nilo.<\/strong><\/p><p>Es la mejor manera de descubrir el r\u00edo Nilo y c\u00f3mo una de las mayores civilizaciones antiguas vivi\u00f3 a sus orillas. Un crucero por el Nilo cubre el tramo entre Luxor y Asu\u00e1n, donde se encuentran los templos y monumentos egipcios m\u00e1s antiguos. Por lo tanto, las principales razones para tomar un crucero por el Nilo son aprender sobre este r\u00edo y su historia, disfrutar del paisaje y visitar los sitios arqueol\u00f3gicos m\u00e1s incre\u00edbles de Egipto. A diferencia de los viajes por tierra, un crucero por el Nilo ofrece la comodidad de un hotel flotante, donde despertar\u00e1 cada ma\u00f1ana en una nueva ciudad hist\u00f3rica sin tener que empacar ni planificar su transporte. Ya sea que busque lujo absoluto, una experiencia m\u00e1s \u00edntima en una dahabiya o simplemente una forma \u00fanica de explorar Egipto, este crucero fluvial tiene algo para todos, transformando su experiencia en una aventura inolvidable.<\/p><p><strong>\u00bfC\u00f3mo son los cruceros por el Nilo?<\/strong><\/p><p>Al igual que los hoteles en Egipto, y a diferencia de los viajes terrestres, un crucero por el Nilo ofrece la comodidad de un hotel flotante, donde despertar\u00e1 cada ma\u00f1ana en una nueva ciudad hist\u00f3rica sin tener que hacer las maletas ni planificar su transporte. Los cruceros se dividen seg\u00fan el tipo y la calidad del servicio, con categor\u00edas de 4 a 5 estrellas. Los cruceros de 5 estrellas se dividen en tres categor\u00edas: 5 estrellas est\u00e1ndar, 5 estrellas de lujo y 5 estrellas de lujo superior. Por supuesto, la calidad de las instalaciones y el precio del crucero dependen del tipo de barco. Ya sea que busque lujo absoluto, una experiencia m\u00e1s \u00edntima en una dahabiya o simplemente una forma \u00fanica de explorar Egipto, este crucero fluvial tiene algo para todos los gustos y detalles \u00fanicos que transformar\u00e1n su experiencia en una aventura inolvidable.<\/p><p><strong>Estructura e instalaciones del crucero <\/strong><\/p><p>Dependiendo del tipo de barco que elija al reservar, encontrar\u00e1 mayor o menor lujo. Obviamente, cuanto m\u00e1s lujoso sea el barco, m\u00e1s comodidades y mejor calidad de servicios ofrecer\u00e1. Todos los camarotes, independientemente del tipo de barco, son dobles y cuentan con vistas exteriores, televisi\u00f3n por sat\u00e9lite, aire acondicionado, minibar, armario y caja fuerte. Algunos barcos tienen dormitorios con balcones, mientras que otros cuentan con enormes ventanales desde los que podr\u00e1 disfrutar del paisaje del Nilo. Los barcos son generalmente grandes, pero significativamente m\u00e1s peque\u00f1os que los cruceros transoce\u00e1nicos, y se caracterizan por una estructura de varios niveles, con entre tres y cinco cubiertas.<\/p><ul><li>Planta Baja \u2013 El restaurante sirve cocina internacional. En otras palabras, un poco de todo.<\/li><li>Primer planta \u2013 Recepci\u00f3n, un gran bar y algunos reservados.<\/li><li>Segunda Planta \u2013 Las habitaciones<\/li><li>Tercera planta \u2013 habitaciones, gimnasio<\/li><li>Deck \u2013 piscina, zona de tumbonas y bar.<\/li><\/ul><p>La mayor\u00eda de los cruceros de 5 estrellas ofrecen pr\u00e1cticamente las mismas comodidades. Los barcos m\u00e1s lujosos cuentan con jacuzzis en cubierta, piscinas m\u00e1s grandes, suites enormes, saunas y muchas otras comodidades. Pero si no te puedes permitir un crucero de lujo, no te preocupes: incluso los m\u00e1s b\u00e1sicos son bastante buenos.<\/p><p><strong>Itinerarios de cruceros por el Nilo<\/strong><\/p><p>Dependendo do navio e da sua data de chegada ao Egito, voc\u00ea pode fazer um cruzeiro no Nilo de duas maneiras: de Luxor a Aswan em 5 dias e 4 noites ou de Aswan a Luxor em 4 dias e 3 noites. Ambas as viagens visitam os mesmos templos e locais. A \u00fanica diferen\u00e7a \u00e9 que a viagem de Aswan a Luxor dura 3 dias e 4 noites, e a viagem inversa, de Luxor a Aswan, dura 4 dias e 5 noites. A escolha de uma ou outra rota depender\u00e1 de como voc\u00ea planeja sua viagem, do n\u00famero de dias dispon\u00edveis e do seu or\u00e7amento.<\/p><p>Pod\u00e9is consultar los itinerarios en estos dos enlaces.<\/p><p><strong><a href=\"https:\/\/destinoegito.com\/es\/cruzeiro-de-5-dias\/\">Crucero de 4 noches por el Nilo desde Luxor a Asu\u00e1n.<\/a><\/strong><\/p><p><a href=\"https:\/\/destinoegito.com\/es\/cruzeiro-pelo-rio-nilo-com-4-dias\/\"><strong>Crucero de 3 noches por el Nilo desde Asu\u00e1n a Luxor.<\/strong><\/a><\/p><p>Toda la estancia durante el crucero es con un gu\u00eda profesional especializado en egiptolog\u00eda.<\/p><p><strong>Comida a bordo: Tipo y horario<\/strong><\/p><p>Los paquetes de crucero incluyen pensi\u00f3n completa, lo que significa que disfrutar\u00e1 de tres comidas al d\u00eda: desayuno, almuerzo y cena. La comida es tipo buf\u00e9, una comida muy occidentalizada, y la calidad de la comida a bordo depende, por supuesto, del tipo de barco reservado, y la categor\u00eda del barco var\u00eda seg\u00fan su clasificaci\u00f3n de estrellas. As\u00ed que, si es vegetariano o vegano, no se preocupe; hay platos de sobra para usted. La pensi\u00f3n completa suele comenzar al registrarse con el almuerzo del primer d\u00eda y terminar con el desayuno del \u00faltimo d\u00eda o al registrarse. Los horarios de las comidas var\u00edan seg\u00fan el horario de las visitas.<\/p><ul><li>El desayuno se sirve normalmente de 6:30 a 8:00 a.m. Ofrece una amplia variedad de opciones, incluyendo jugos, caf\u00e9, leche, chocolate caliente, pasteles, tostadas, mermeladas, embutidos, huevos y m\u00e1s.<\/li><li>El almuerzo suele servirse entre la 1 y las 3 de la tarde. El plato principal incluye arroz, carne, tortillas, pescado, sopas, pasta y frutos secos. Todo ello aderezado con diversas especias.<\/li><li>La cena se sirve entre las 8 y las 9 p. m. Suele ser similar al almuerzo o ligeramente diferente.<\/li><\/ul><p>En general, la comida egipcia es popular en Occidente por su sabor y textura. Es muy variada, con platos principales de cordero o ternera. Tambi\u00e9n se ofrecen diversos tipos de pescado, garbanzos, pasta, d\u00e1tiles y arroz, entre otros. Por lo general, la comida egipcia suele condimentarse con diversas especias. El tipo de comida que se ofrece en el crucero depender\u00e1 de la categor\u00eda de estrellas de los hoteles y los servicios reservados.<\/p><p>Consulta tu gu\u00eda, ella te indicar\u00e1 los horarios de las comidas cada d\u00eda para que no tengas que preocuparte constantemente de a qu\u00e9 hora llegar\u00e1s al restaurante.<\/p>\t\t\t\t\t\t\t\t<\/div>\n\t\t\t\t<\/div>\n\t\t\t\t\t<\/div>\n\t\t\t\t<\/div>\n\t\t\t\t<\/div>","protected":false},"excerpt":{"rendered":"<p>Como s\u00e3o os cruzeiros no Egito? Dizem que uma viagem ao Egito n\u00e3o estaria completa sem um cruzeiro pelo Nilo, [&hellip;]<\/p>\n","protected":false},"author":1,"featured_media":0,"parent":0,"menu_order":0,"comment_status":"closed","ping_status":"closed","template":"","meta":{"site-sidebar-layout":"default","site-content-layout":"","ast-site-content-layout":"full-width-container","site-content-style":"default","site-sidebar-style":"default","ast-global-header-display":"","ast-banner-title-visibility":"","ast-main-header-display":"","ast-hfb-above-header-display":"","ast-hfb-below-header-display":"","ast-hfb-mobile-header-display":"","site-post-title":"disabled","ast-breadcrumbs-content":"","ast-featured-img":"","footer-sml-layout":"","ast-disable-related-posts":"","theme-transparent-header-meta":"default","adv-header-id-meta":"","stick-header-meta":"","header-above-stick-meta":"","header-main-stick-meta":"","header-below-stick-meta":"","astra-migrate-meta-layouts":"set","ast-page-background-enabled":"default","ast-page-background-meta":{"desktop":{"background-color":"var(--ast-global-color-5)","background-image":"","background-repeat":"repeat","background-position":"center center","background-size":"auto","background-attachment":"scroll","background-type":"","background-media":"","overlay-type":"","overlay-color":"","overlay-opacity":"","overlay-gradient":""},"tablet":{"background-color":"","background-image":"","background-repeat":"repeat","background-position":"center center","background-size":"auto","background-attachment":"scroll","background-type":"","background-media":"","overlay-type":"","overlay-color":"","overlay-opacity":"","overlay-gradient":""},"mobile":{"background-color":"","background-image":"","background-repeat":"repeat","background-position":"center center","background-size":"auto","background-attachment":"scroll","background-type":"","background-media":"","overlay-type":"","overlay-color":"","overlay-opacity":"","overlay-gradient":""}},"ast-content-background-meta":{"desktop":{"background-color":"var(--ast-global-color-4)","background-image":"","background-repeat":"repeat","background-position":"center center","background-size":"auto","background-attachment":"scroll","background-type":"","background-media":"","overlay-type":"","overlay-color":"","overlay-opacity":"","overlay-gradient":""},"tablet":{"background-color":"var(--ast-global-color-4)","background-image":"","background-repeat":"repeat","background-position":"center center","background-size":"auto","background-attachment":"scroll","background-type":"","background-media":"","overlay-type":"","overlay-color":"","overlay-opacity":"","overlay-gradient":""},"mobile":{"background-color":"var(--ast-global-color-4)","background-image":"","background-repeat":"repeat","background-position":"center center","background-size":"auto","background-attachment":"scroll","background-type":"","background-media":"","overlay-type":"","overlay-color":"","overlay-opacity":"","overlay-gradient":""}},"_glsr_average":0,"_glsr_ranking":0,"_glsr_reviews":0,"footnotes":""},"class_list":["post-183","page","type-page","status-publish","hentry"],"_links":{"self":[{"href":"https:\/\/destinoegito.com\/es\/wp-json\/wp\/v2\/pages\/183","targetHints":{"allow":["GET"]}}],"collection":[{"href":"https:\/\/destinoegito.com\/es\/wp-json\/wp\/v2\/pages"}],"about":[{"href":"https:\/\/destinoegito.com\/es\/wp-json\/wp\/v2\/types\/page"}],"author":[{"embeddable":true,"href":"https:\/\/destinoegito.com\/es\/wp-json\/wp\/v2\/users\/1"}],"replies":[{"embeddable":true,"href":"https:\/\/destinoegito.com\/es\/wp-json\/wp\/v2\/comments?post=183"}],"version-history":[{"count":24,"href":"https:\/\/destinoegito.com\/es\/wp-json\/wp\/v2\/pages\/183\/revisions"}],"predecessor-version":[{"id":1844,"href":"https:\/\/destinoegito.com\/es\/wp-json\/wp\/v2\/pages\/183\/revisions\/1844"}],"wp:attachment":[{"href":"https:\/\/destinoegito.com\/es\/wp-json\/wp\/v2\/media?parent=183"}],"curies":[{"name":"wp","href":"https:\/\/api.w.org\/{rel}","templated":true}]}}